{"id":5661,"date":"2019-03-10T18:21:55","date_gmt":"2019-03-10T17:21:55","guid":{"rendered":"https:\/\/anapur.eu\/eshop\/anapur-customized-test-package-b\/"},"modified":"2020-09-04T10:18:18","modified_gmt":"2020-09-04T09:18:18","slug":"anapur-customized-test-package-b","status":"publish","type":"product","link":"https:\/\/www.anapur.eu\/en\/eshop\/anapur-customized-test-package-b\/","title":{"rendered":"Anapur customized \u2013 Test package"},"content":{"rendered":"<p>Would you like just to try out how Anapur will suit you? Then this Test Package is the ideal solution. It contains 15 bags that together provide three daily servings, each of 1,800 calories. One meal has 360 calories. And don&#8217;t forget to add our shaker so you can easily prepare Anapur.<\/p>\n<p>The pack contains 15 bags.<\/p>\n<p>Contained food allergens: 1, 6, 8.<\/p>\n","protected":false},"excerpt":{"rendered":"<p>Would you like just to try out how Anapur will suit you? Then this Test Package is the ideal solution. It contains 15 bags that together provide three daily servings, each of 1,800 calories. One meal has 360 calories. And don&#8217;t forget to add our shaker so you can easily prepare Anapur. The pack contains [&hellip;]<\/p>\n","protected":false},"featured_media":3314,"comment_status":"open","ping_status":"closed","template":"","meta":[],"product_cat":[138],"product_tag":[],"class_list":{"0":"post-5661","1":"product","2":"type-product","3":"status-publish","4":"has-post-thumbnail","6":"product_cat-anapur-customized-b","8":"first","9":"instock","10":"taxable","11":"shipping-taxable","12":"purchasable","13":"product-type-simple"},"yoast_head":"<!-- This site is optimized with the Yoast SEO plugin v23.4 - https:\/\/yoast.com\/wordpress\/plugins\/seo\/ -->\n<title>Anapur customized \u2013 Test package - Anapur<\/title>\n<meta name=\"robots\" content=\"noindex, nofollow\" \/>\n<meta property=\"og:locale\" content=\"en_US\" \/>\n<meta property=\"og:type\" content=\"article\" \/>\n<meta property=\"og:title\" content=\"Anapur customized \u2013 Test package - Anapur\" \/>\n<meta property=\"og:description\" content=\"Would you like just to try out how Anapur will suit you? Then this Test Package is the ideal solution. It contains 15 bags that together provide three daily servings, each of 1,800 calories. One meal has 360 calories. And don&#8217;t forget to add our shaker so you can easily prepare Anapur. The pack contains [&hellip;]\" \/>\n<meta property=\"og:url\" content=\"https:\/\/www.anapur.eu\/en\/eshop\/anapur-customized-test-package-b\/\" \/>\n<meta property=\"og:site_name\" content=\"Anapur\" \/>\n<meta property=\"article:modified_time\" content=\"2020-09-04T09:18:18+00:00\" \/>\n<meta property=\"og:image\" content=\"https:\/\/www.anapur.eu\/wp-content\/uploads\/2017\/06\/Anapur-s\u00e1\u010dky-a-shaker-1.png\" \/>\n\t<meta property=\"og:image:width\" content=\"883\" \/>\n\t<meta property=\"og:image:height\" content=\"883\" \/>\n\t<meta property=\"og:image:type\" content=\"image\/png\" \/>\n<meta name=\"twitter:card\" content=\"summary_large_image\" \/>\n<script type=\"application\/ld+json\" class=\"yoast-schema-graph\">{\"@context\":\"https:\/\/schema.org\",\"@graph\":[{\"@type\":\"WebPage\",\"@id\":\"https:\/\/www.anapur.eu\/en\/eshop\/anapur-customized-test-package-b\/\",\"url\":\"https:\/\/www.anapur.eu\/en\/eshop\/anapur-customized-test-package-b\/\",\"name\":\"Anapur customized \u2013 Test package - Anapur\",\"isPartOf\":{\"@id\":\"https:\/\/www.anapur.eu\/en\/#website\"},\"primaryImageOfPage\":{\"@id\":\"https:\/\/www.anapur.eu\/en\/eshop\/anapur-customized-test-package-b\/#primaryimage\"},\"image\":{\"@id\":\"https:\/\/www.anapur.eu\/en\/eshop\/anapur-customized-test-package-b\/#primaryimage\"},\"thumbnailUrl\":\"https:\/\/www.anapur.eu\/wp-content\/uploads\/2017\/06\/Anapur-s\u00e1\u010dky-a-shaker-1.png\",\"datePublished\":\"2019-03-10T17:21:55+00:00\",\"dateModified\":\"2020-09-04T09:18:18+00:00\",\"breadcrumb\":{\"@id\":\"https:\/\/www.anapur.eu\/en\/eshop\/anapur-customized-test-package-b\/#breadcrumb\"},\"inLanguage\":\"en-US\",\"potentialAction\":[{\"@type\":\"ReadAction\",\"target\":[\"https:\/\/www.anapur.eu\/en\/eshop\/anapur-customized-test-package-b\/\"]}]},{\"@type\":\"ImageObject\",\"inLanguage\":\"en-US\",\"@id\":\"https:\/\/www.anapur.eu\/en\/eshop\/anapur-customized-test-package-b\/#primaryimage\",\"url\":\"https:\/\/www.anapur.eu\/wp-content\/uploads\/2017\/06\/Anapur-s\u00e1\u010dky-a-shaker-1.png\",\"contentUrl\":\"https:\/\/www.anapur.eu\/wp-content\/uploads\/2017\/06\/Anapur-s\u00e1\u010dky-a-shaker-1.png\",\"width\":883,\"height\":883,\"caption\":\"Anapur s\u00e1\u010dky a shaker\"},{\"@type\":\"BreadcrumbList\",\"@id\":\"https:\/\/www.anapur.eu\/en\/eshop\/anapur-customized-test-package-b\/#breadcrumb\",\"itemListElement\":[{\"@type\":\"ListItem\",\"position\":1,\"name\":\"Home\",\"item\":\"https:\/\/www.anapur.eu\/en\/\"},{\"@type\":\"ListItem\",\"position\":2,\"name\":\"Buy\",\"item\":\"https:\/\/www.anapur.eu\/en\/eshop\/\"},{\"@type\":\"ListItem\",\"position\":3,\"name\":\"Anapur customized \u2013 Test package\"}]},{\"@type\":\"WebSite\",\"@id\":\"https:\/\/www.anapur.eu\/en\/#website\",\"url\":\"https:\/\/www.anapur.eu\/en\/\",\"name\":\"Anapur\",\"description\":\"super food from plant raw materials\",\"potentialAction\":[{\"@type\":\"SearchAction\",\"target\":{\"@type\":\"EntryPoint\",\"urlTemplate\":\"https:\/\/www.anapur.eu\/en\/?s={search_term_string}\"},\"query-input\":{\"@type\":\"PropertyValueSpecification\",\"valueRequired\":true,\"valueName\":\"search_term_string\"}}],\"inLanguage\":\"en-US\"}]}<\/script>\n<!-- \/ Yoast SEO plugin. -->","yoast_head_json":{"title":"Anapur customized \u2013 Test package - Anapur","robots":{"index":"noindex","follow":"nofollow"},"og_locale":"en_US","og_type":"article","og_title":"Anapur customized \u2013 Test package - Anapur","og_description":"Would you like just to try out how Anapur will suit you? Then this Test Package is the ideal solution. It contains 15 bags that together provide three daily servings, each of 1,800 calories. One meal has 360 calories. And don&#8217;t forget to add our shaker so you can easily prepare Anapur. The pack contains [&hellip;]","og_url":"https:\/\/www.anapur.eu\/en\/eshop\/anapur-customized-test-package-b\/","og_site_name":"Anapur","article_modified_time":"2020-09-04T09:18:18+00:00","og_image":[{"width":883,"height":883,"url":"https:\/\/www.anapur.eu\/wp-content\/uploads\/2017\/06\/Anapur-s\u00e1\u010dky-a-shaker-1.png","type":"image\/png"}],"twitter_card":"summary_large_image","schema":{"@context":"https:\/\/schema.org","@graph":[{"@type":"WebPage","@id":"https:\/\/www.anapur.eu\/en\/eshop\/anapur-customized-test-package-b\/","url":"https:\/\/www.anapur.eu\/en\/eshop\/anapur-customized-test-package-b\/","name":"Anapur customized \u2013 Test package - Anapur","isPartOf":{"@id":"https:\/\/www.anapur.eu\/en\/#website"},"primaryImageOfPage":{"@id":"https:\/\/www.anapur.eu\/en\/eshop\/anapur-customized-test-package-b\/#primaryimage"},"image":{"@id":"https:\/\/www.anapur.eu\/en\/eshop\/anapur-customized-test-package-b\/#primaryimage"},"thumbnailUrl":"https:\/\/www.anapur.eu\/wp-content\/uploads\/2017\/06\/Anapur-s\u00e1\u010dky-a-shaker-1.png","datePublished":"2019-03-10T17:21:55+00:00","dateModified":"2020-09-04T09:18:18+00:00","breadcrumb":{"@id":"https:\/\/www.anapur.eu\/en\/eshop\/anapur-customized-test-package-b\/#breadcrumb"},"inLanguage":"en-US","potentialAction":[{"@type":"ReadAction","target":["https:\/\/www.anapur.eu\/en\/eshop\/anapur-customized-test-package-b\/"]}]},{"@type":"ImageObject","inLanguage":"en-US","@id":"https:\/\/www.anapur.eu\/en\/eshop\/anapur-customized-test-package-b\/#primaryimage","url":"https:\/\/www.anapur.eu\/wp-content\/uploads\/2017\/06\/Anapur-s\u00e1\u010dky-a-shaker-1.png","contentUrl":"https:\/\/www.anapur.eu\/wp-content\/uploads\/2017\/06\/Anapur-s\u00e1\u010dky-a-shaker-1.png","width":883,"height":883,"caption":"Anapur s\u00e1\u010dky a shaker"},{"@type":"BreadcrumbList","@id":"https:\/\/www.anapur.eu\/en\/eshop\/anapur-customized-test-package-b\/#breadcrumb","itemListElement":[{"@type":"ListItem","position":1,"name":"Home","item":"https:\/\/www.anapur.eu\/en\/"},{"@type":"ListItem","position":2,"name":"Buy","item":"https:\/\/www.anapur.eu\/en\/eshop\/"},{"@type":"ListItem","position":3,"name":"Anapur customized \u2013 Test package"}]},{"@type":"WebSite","@id":"https:\/\/www.anapur.eu\/en\/#website","url":"https:\/\/www.anapur.eu\/en\/","name":"Anapur","description":"super food from plant raw materials","potentialAction":[{"@type":"SearchAction","target":{"@type":"EntryPoint","urlTemplate":"https:\/\/www.anapur.eu\/en\/?s={search_term_string}"},"query-input":{"@type":"PropertyValueSpecification","valueRequired":true,"valueName":"search_term_string"}}],"inLanguage":"en-US"}]}},"_links":{"self":[{"href":"https:\/\/www.anapur.eu\/en\/wp-json\/wp\/v2\/product\/5661"}],"collection":[{"href":"https:\/\/www.anapur.eu\/en\/wp-json\/wp\/v2\/product"}],"about":[{"href":"https:\/\/www.anapur.eu\/en\/wp-json\/wp\/v2\/types\/product"}],"replies":[{"embeddable":true,"href":"https:\/\/www.anapur.eu\/en\/wp-json\/wp\/v2\/comments?post=5661"}],"wp:featuredmedia":[{"embeddable":true,"href":"https:\/\/www.anapur.eu\/en\/wp-json\/wp\/v2\/media\/3314"}],"wp:attachment":[{"href":"https:\/\/www.anapur.eu\/en\/wp-json\/wp\/v2\/media?parent=5661"}],"wp:term":[{"taxonomy":"product_cat","embeddable":true,"href":"https:\/\/www.anapur.eu\/en\/wp-json\/wp\/v2\/product_cat?post=5661"},{"taxonomy":"product_tag","embeddable":true,"href":"https:\/\/www.anapur.eu\/en\/wp-json\/wp\/v2\/product_tag?post=5661"}],"curies":[{"name":"wp","href":"https:\/\/api.w.org\/{rel}","templated":true}]}}